{"id":295,"date":"2024-02-07T02:41:17","date_gmt":"2024-02-07T02:41:17","guid":{"rendered":"https:\/\/rovira.mx\/?post_type=product&#038;p=295"},"modified":"2024-02-12T01:22:22","modified_gmt":"2024-02-12T01:22:22","slug":"edades-cornamentas-y-pintas-en-los-toros-de-lidia","status":"publish","type":"product","link":"https:\/\/rovira.mx\/index.php\/product\/edades-cornamentas-y-pintas-en-los-toros-de-lidia\/","title":{"rendered":"Edades, Cornamentas y Pintas en los Toros de Lidia"},"content":{"rendered":"<p>144 p\u00e1ginas<br \/>\nTama\u00f1o 24 x 33 cm<br \/>\nPasta dura<\/p>\n<p>Un libro en el que se muestran 132 fotograf\u00edas a todo color.<\/p>\n<p>Para completar esta obra, he tenido el privilegio de visitar diferentes ganader\u00edas en M\u00e9xico. He podido observar de cerca la crianza y el cuidado de los toros de lidia, as\u00ed como la labor de los ganaderos en la selecci\u00f3n y mejora gen\u00e9tica de las reses. Esto me ha permitido tener una visi\u00f3n m\u00e1s completa y detallada de este apasionante mundo. En \u201cEdades, Cornamentas y Pintas en los Toros de Lidia\u201d encontrar\u00e1s fotograf\u00edas exclusivas de las ganader\u00edas que visit\u00e9, as\u00ed como entrevistas con ganaderos reconocidos. A trav\u00e9s de estas im\u00e1genes y relatos, podr\u00e1s sumergirte en la atm\u00f3sfera de las dehesas y conocer de cerca a los protagonistas de la tauromaquia.<\/p>\n","protected":false},"excerpt":{"rendered":"<p>Este libro est\u00e1 pensado para todos aquellos que sienten una pasi\u00f3n especial por los toros de lidia y desean conocer m\u00e1s sobre su mundo. Adem\u00e1s de su valor informativo, \u00abEdades, Cornamentas y Pintas en los Toros de Lidia\u00bb es una invitaci\u00f3n a reflexionar sobre la importancia de preservar esta tradici\u00f3n y valorar el esfuerzo de quienes trabajan para mantenerla viva. \u00a1No te pierdas la oportunidad de adentrarte en el fascinante universo de los toros de lidia! Convi\u00e9rtete en un apasionado conocedor de esta milenaria tradici\u00f3n y descubre la belleza y el arte que se esconden detr\u00e1s de cada corrida.<\/p>\n","protected":false},"featured_media":645,"comment_status":"open","ping_status":"closed","template":"","meta":{"site-sidebar-layout":"default","site-content-layout":"","ast-site-content-layout":"default","site-content-style":"default","site-sidebar-style":"default","ast-global-header-display":"","ast-banner-title-visibility":"","ast-main-header-display":"","ast-hfb-above-header-display":"","ast-hfb-below-header-display":"","ast-hfb-mobile-header-display":"","site-post-title":"","ast-breadcrumbs-content":"","ast-featured-img":"","footer-sml-layout":"","ast-disable-related-posts":"","theme-transparent-header-meta":"default","adv-header-id-meta":"","stick-header-meta":"","header-above-stick-meta":"","header-main-stick-meta":"","header-below-stick-meta":"","astra-migrate-meta-layouts":"set","ast-page-background-enabled":"default","ast-page-background-meta":{"desktop":{"background-color":"var(--ast-global-color-4)","background-image":"","background-repeat":"repeat","background-position":"center center","background-size":"auto","background-attachment":"scroll","background-type":"","background-media":"","overlay-type":"","overlay-color":"","overlay-opacity":"","overlay-gradient":""},"tablet":{"background-color":"","background-image":"","background-repeat":"repeat","background-position":"center center","background-size":"auto","background-attachment":"scroll","background-type":"","background-media":"","overlay-type":"","overlay-color":"","overlay-opacity":"","overlay-gradient":""},"mobile":{"background-color":"","background-image":"","background-repeat":"repeat","background-position":"center center","background-size":"auto","background-attachment":"scroll","background-type":"","background-media":"","overlay-type":"","overlay-color":"","overlay-opacity":"","overlay-gradient":""}},"ast-content-background-meta":{"desktop":{"background-color":"var(--ast-global-color-5)","background-image":"","background-repeat":"repeat","background-position":"center center","background-size":"auto","background-attachment":"scroll","background-type":"","background-media":"","overlay-type":"","overlay-color":"","overlay-opacity":"","overlay-gradient":""},"tablet":{"background-color":"var(--ast-global-color-5)","background-image":"","background-repeat":"repeat","background-position":"center center","background-size":"auto","background-attachment":"scroll","background-type":"","background-media":"","overlay-type":"","overlay-color":"","overlay-opacity":"","overlay-gradient":""},"mobile":{"background-color":"var(--ast-global-color-5)","background-image":"","background-repeat":"repeat","background-position":"center center","background-size":"auto","background-attachment":"scroll","background-type":"","background-media":"","overlay-type":"","overlay-color":"","overlay-opacity":"","overlay-gradient":""}}},"product_brand":[],"product_cat":[23],"product_tag":[],"class_list":{"0":"post-295","1":"product","2":"type-product","3":"status-publish","4":"has-post-thumbnail","6":"product_cat-libros","7":"desktop-align-center","8":"tablet-align-left","9":"mobile-align-left","11":"first","12":"instock","13":"sale","14":"taxable","15":"shipping-taxable","16":"purchasable","17":"product-type-simple"},"aioseo_notices":[],"jetpack_sharing_enabled":true,"_links":{"self":[{"href":"https:\/\/rovira.mx\/index.php\/wp-json\/wp\/v2\/product\/295","targetHints":{"allow":["GET"]}}],"collection":[{"href":"https:\/\/rovira.mx\/index.php\/wp-json\/wp\/v2\/product"}],"about":[{"href":"https:\/\/rovira.mx\/index.php\/wp-json\/wp\/v2\/types\/product"}],"replies":[{"embeddable":true,"href":"https:\/\/rovira.mx\/index.php\/wp-json\/wp\/v2\/comments?post=295"}],"wp:featuredmedia":[{"embeddable":true,"href":"https:\/\/rovira.mx\/index.php\/wp-json\/wp\/v2\/media\/645"}],"wp:attachment":[{"href":"https:\/\/rovira.mx\/index.php\/wp-json\/wp\/v2\/media?parent=295"}],"wp:term":[{"taxonomy":"product_brand","embeddable":true,"href":"https:\/\/rovira.mx\/index.php\/wp-json\/wp\/v2\/product_brand?post=295"},{"taxonomy":"product_cat","embeddable":true,"href":"https:\/\/rovira.mx\/index.php\/wp-json\/wp\/v2\/product_cat?post=295"},{"taxonomy":"product_tag","embeddable":true,"href":"https:\/\/rovira.mx\/index.php\/wp-json\/wp\/v2\/product_tag?post=295"}],"curies":[{"name":"wp","href":"https:\/\/api.w.org\/{rel}","templated":true}]}}