{"id":289,"date":"2024-02-07T02:08:15","date_gmt":"2024-02-07T02:08:15","guid":{"rendered":"https:\/\/rovira.mx\/?post_type=product&#038;p=289"},"modified":"2025-04-20T19:30:34","modified_gmt":"2025-04-21T01:30:34","slug":"baraja-taurina-reveles","status":"publish","type":"product","link":"https:\/\/rovira.mx\/index.php\/product\/baraja-taurina-reveles\/","title":{"rendered":"Baraja Taurina Reveles Edici\u00f3n Limitada Original"},"content":{"rendered":"<p>Como un homenaje y reconocimiento al gran pintor Ram\u00f3n Reveles, que ha sido sin duda el m\u00e1s prol\u00edfico artista contempor\u00e1neo de obras taurinas en M\u00e9xico y muchos otros pa\u00edses, \u00abEl muralista de la Plaza M\u00e9xico y la Plaza Monumental de Tijuana\u00bb, hemos lanzado esta invaluable obra con una selecci\u00f3n de pinturas representativa de su larga trayectoria art\u00edstica. Una obra de edici\u00f3n limitada que no puede faltar en la colecci\u00f3n de los buenos aficionados a la fiesta brava.<\/p>\n<p>Edici\u00f3n Limitada<\/p>\n<p>\u2022 Estuche con Dos Cajas de naipes tipo inglesa<br \/>\n\u2022 54 Cartas reverso Rosa<br \/>\n\u2022 54 Cartas reverso Azul<br \/>\n\u2022 Certificado de Autenticidad Registrado<\/p>\n","protected":false},"excerpt":{"rendered":"<p>Como un homenaje y reconocimiento al gran pintor Ram\u00f3n Reveles, que ha sido sin duda el m\u00e1s prol\u00edfico artista contempor\u00e1neo de obras taurinas en M\u00e9xico y muchos otros pa\u00edses, \u00abEl muralista de la Plaza M\u00e9xico y la Plaza Monumental de Tijuana\u00bb, hemos lanzado esta invaluable obra con una selecci\u00f3n de pinturas representativa de su larga trayectoria art\u00edstica. Una obra de edici\u00f3n limitada que no puede faltar en la colecci\u00f3n de los buenos aficionados a la fiesta brava.<\/p>\n","protected":false},"featured_media":641,"comment_status":"open","ping_status":"closed","template":"","meta":{"site-sidebar-layout":"default","site-content-layout":"","ast-site-content-layout":"default","site-content-style":"default","site-sidebar-style":"default","ast-global-header-display":"","ast-banner-title-visibility":"","ast-main-header-display":"","ast-hfb-above-header-display":"","ast-hfb-below-header-display":"","ast-hfb-mobile-header-display":"","site-post-title":"","ast-breadcrumbs-content":"","ast-featured-img":"","footer-sml-layout":"","ast-disable-related-posts":"","theme-transparent-header-meta":"default","adv-header-id-meta":"","stick-header-meta":"","header-above-stick-meta":"","header-main-stick-meta":"","header-below-stick-meta":"","astra-migrate-meta-layouts":"set","ast-page-background-enabled":"default","ast-page-background-meta":{"desktop":{"background-color":"var(--ast-global-color-4)","background-image":"","background-repeat":"repeat","background-position":"center center","background-size":"auto","background-attachment":"scroll","background-type":"","background-media":"","overlay-type":"","overlay-color":"","overlay-opacity":"","overlay-gradient":""},"tablet":{"background-color":"","background-image":"","background-repeat":"repeat","background-position":"center center","background-size":"auto","background-attachment":"scroll","background-type":"","background-media":"","overlay-type":"","overlay-color":"","overlay-opacity":"","overlay-gradient":""},"mobile":{"background-color":"","background-image":"","background-repeat":"repeat","background-position":"center center","background-size":"auto","background-attachment":"scroll","background-type":"","background-media":"","overlay-type":"","overlay-color":"","overlay-opacity":"","overlay-gradient":""}},"ast-content-background-meta":{"desktop":{"background-color":"var(--ast-global-color-5)","background-image":"","background-repeat":"repeat","background-position":"center center","background-size":"auto","background-attachment":"scroll","background-type":"","background-media":"","overlay-type":"","overlay-color":"","overlay-opacity":"","overlay-gradient":""},"tablet":{"background-color":"var(--ast-global-color-5)","background-image":"","background-repeat":"repeat","background-position":"center center","background-size":"auto","background-attachment":"scroll","background-type":"","background-media":"","overlay-type":"","overlay-color":"","overlay-opacity":"","overlay-gradient":""},"mobile":{"background-color":"var(--ast-global-color-5)","background-image":"","background-repeat":"repeat","background-position":"center center","background-size":"auto","background-attachment":"scroll","background-type":"","background-media":"","overlay-type":"","overlay-color":"","overlay-opacity":"","overlay-gradient":""}}},"product_brand":[],"product_cat":[22],"product_tag":[],"class_list":{"0":"post-289","1":"product","2":"type-product","3":"status-publish","4":"has-post-thumbnail","6":"product_cat-naipes","7":"desktop-align-center","8":"tablet-align-left","9":"mobile-align-left","11":"first","12":"outofstock","13":"sale","14":"taxable","15":"shipping-taxable","16":"purchasable","17":"product-type-simple"},"aioseo_notices":[],"jetpack_sharing_enabled":true,"_links":{"self":[{"href":"https:\/\/rovira.mx\/index.php\/wp-json\/wp\/v2\/product\/289","targetHints":{"allow":["GET"]}}],"collection":[{"href":"https:\/\/rovira.mx\/index.php\/wp-json\/wp\/v2\/product"}],"about":[{"href":"https:\/\/rovira.mx\/index.php\/wp-json\/wp\/v2\/types\/product"}],"replies":[{"embeddable":true,"href":"https:\/\/rovira.mx\/index.php\/wp-json\/wp\/v2\/comments?post=289"}],"wp:featuredmedia":[{"embeddable":true,"href":"https:\/\/rovira.mx\/index.php\/wp-json\/wp\/v2\/media\/641"}],"wp:attachment":[{"href":"https:\/\/rovira.mx\/index.php\/wp-json\/wp\/v2\/media?parent=289"}],"wp:term":[{"taxonomy":"product_brand","embeddable":true,"href":"https:\/\/rovira.mx\/index.php\/wp-json\/wp\/v2\/product_brand?post=289"},{"taxonomy":"product_cat","embeddable":true,"href":"https:\/\/rovira.mx\/index.php\/wp-json\/wp\/v2\/product_cat?post=289"},{"taxonomy":"product_tag","embeddable":true,"href":"https:\/\/rovira.mx\/index.php\/wp-json\/wp\/v2\/product_tag?post=289"}],"curies":[{"name":"wp","href":"https:\/\/api.w.org\/{rel}","templated":true}]}}